{"id":76,"date":"2015-03-03T02:10:42","date_gmt":"2015-03-03T02:10:42","guid":{"rendered":"http:\/\/wp\/enfold-shop\/?page_id=76"},"modified":"2024-12-19T14:32:07","modified_gmt":"2024-12-19T14:32:07","slug":"contact","status":"publish","type":"page","link":"https:\/\/www.deleage.com\/store\/contact\/","title":{"rendered":"Contact"},"content":{"rendered":"\n<style type=\"text\/css\" data-created_by=\"avia_inline_auto\" id=\"style-css-av-jou855jx-9ff8534695889eff327efccd9bd8a8ba\">\n.avia-section.av-jou855jx-9ff8534695889eff327efccd9bd8a8ba{\nbackground-color:#000000;\nbackground-image:unset;\n}\n<\/style>\n<div id='av_section_1'  class='avia-section av-jou855jx-9ff8534695889eff327efccd9bd8a8ba main_color avia-section-no-padding avia-no-border-styling  avia-builder-el-0  el_before_av_one_fifth  avia-builder-el-first  avia-bg-style-scroll av-minimum-height av-minimum-height-25 av-height-25  container_wrap fullsize'   data-av_minimum_height_pc='25' data-av_min_height_opt='25'><div class='container av-section-cont-open' ><main  role=\"main\" itemprop=\"mainContentOfPage\"  class='template-page content  av-content-full alpha units'><div class='post-entry post-entry-type-page post-entry-76'><div class='entry-content-wrapper clearfix'>\n\n<style type=\"text\/css\" data-created_by=\"avia_inline_auto\" id=\"style-css-av-jou85qvz-d88ed191d9424cf41658c61b5b6e6120\">\n#top .av_textblock_section.av-jou85qvz-d88ed191d9424cf41658c61b5b6e6120 .avia_textblock{\ncolor:#ffffff;\n}\n<\/style>\n<section  class='av_textblock_section av-jou85qvz-d88ed191d9424cf41658c61b5b6e6120 '   itemscope=\"itemscope\" itemtype=\"https:\/\/schema.org\/CreativeWork\" ><div class='avia_textblock av_inherit_color'  itemprop=\"text\" ><h1 style=\"text-align: center;\">Demande de devis<\/h1>\n<p style=\"text-align: center;\">Vous avez un projet et vous souhaitez \u00eatre accompagn\u00e9, veuillez remplir le formulaire.<\/p>\n<p style=\"text-align: center;\">N\u2019h\u00e9sitez pas \u00e0 nous contacter \u00e9galement par t\u00e9l\u00e9phone au 01 30 68 60 00<\/p>\n<p style=\"text-align: center;\">et en cas d&rsquo;urgence au 06 47 30 64 15<\/p>\n<\/div><\/section>\n<\/div><\/div><\/main><!-- close content main element --><\/div><\/div><div id='after_section_1'  class='main_color av_default_container_wrap container_wrap fullsize'  ><div class='container av-section-cont-open' ><div class='template-page content  av-content-full alpha units'><div class='post-entry post-entry-type-page post-entry-76'><div class='entry-content-wrapper clearfix'>\n\n<style type=\"text\/css\" data-created_by=\"avia_inline_auto\" id=\"style-css-av-yrak-fc1ba3dd5a8e4ca22c5a0c12e2df74c6\">\n.flex_column.av-yrak-fc1ba3dd5a8e4ca22c5a0c12e2df74c6{\nborder-radius:0px 0px 0px 0px;\npadding:0px 0px 0px 0px;\n}\n<\/style>\n<div  class='flex_column av-yrak-fc1ba3dd5a8e4ca22c5a0c12e2df74c6 av_one_fifth  avia-builder-el-2  el_after_av_section  el_before_av_three_fifth  avia-builder-el-first  first flex_column_div av-zero-column-padding  '     ><\/div>\n\n<style type=\"text\/css\" data-created_by=\"avia_inline_auto\" id=\"style-css-av-yrak-2-90b6ada2256e3e74f1fd12a30cecc459\">\n.flex_column.av-yrak-2-90b6ada2256e3e74f1fd12a30cecc459{\nborder-radius:0px 0px 0px 0px;\npadding:0px 0px 0px 0px;\n}\n<\/style>\n<div  class='flex_column av-yrak-2-90b6ada2256e3e74f1fd12a30cecc459 av_three_fifth  avia-builder-el-3  el_after_av_one_fifth  el_before_av_one_fifth  flex_column_div av-zero-column-padding  '     ><section  class='av_textblock_section av-knsn465x-0b2cfab4ead399600b498639dac63d99 '   itemscope=\"itemscope\" itemtype=\"https:\/\/schema.org\/CreativeWork\" ><div class='avia_textblock'  itemprop=\"text\" >\n<div class=\"wpcf7 no-js\" id=\"wpcf7-f4-o1\" lang=\"fr-FR\" dir=\"ltr\" data-wpcf7-id=\"4\">\n<div class=\"screen-reader-response\"><p role=\"status\" aria-live=\"polite\" aria-atomic=\"true\"><\/p> <ul><\/ul><\/div>\n<form action=\"\/store\/wp-json\/wp\/v2\/pages\/76#wpcf7-f4-o1\" method=\"post\" class=\"wpcf7-form init\" aria-label=\"Formulaire de contact\" novalidate=\"novalidate\" data-status=\"init\">\n<fieldset class=\"hidden-fields-container\"><input type=\"hidden\" name=\"_wpcf7\" value=\"4\" \/><input type=\"hidden\" name=\"_wpcf7_version\" value=\"6.1.5\" \/><input type=\"hidden\" name=\"_wpcf7_locale\" value=\"fr_FR\" \/><input type=\"hidden\" name=\"_wpcf7_unit_tag\" value=\"wpcf7-f4-o1\" \/><input type=\"hidden\" name=\"_wpcf7_container_post\" value=\"0\" \/><input type=\"hidden\" name=\"_wpcf7_posted_data_hash\" value=\"\" \/><input type=\"hidden\" name=\"_wpcf7dtx_version\" value=\"5.0.5\" \/><input type=\"hidden\" name=\"_wpcf7_recaptcha_response\" value=\"\" \/>\n<\/fieldset>\n<div class=\"flex_column av_one_half  flex_column_div av-zero-column-padding first\">\n\t<p><span class=\"wpcf7-form-control-wrap\" data-name=\"your-societe\"><input size=\"40\" maxlength=\"400\" class=\"wpcf7-form-control wpcf7-text wpcf7-validates-as-required\" aria-required=\"true\" aria-invalid=\"false\" placeholder=\"Soci\u00e9t\u00e9*\" value=\"\" type=\"text\" name=\"your-societe\" \/><\/span>\n\t<\/p>\n<\/div>\n<div class=\"flex_column av_one_half  flex_column_div av-zero-column-padding\">\n\t<p><span class=\"wpcf7-form-control-wrap\" data-name=\"your-activite\"><input size=\"40\" maxlength=\"400\" class=\"wpcf7-form-control wpcf7-text\" aria-invalid=\"false\" placeholder=\"Secteur d&#039;activit\u00e9\" value=\"\" type=\"text\" name=\"your-activite\" \/><\/span>\n\t<\/p>\n<\/div>\n<div class=\"flex_column av_one_half  flex_column_div av-zero-column-padding first\">\n\t<p><span class=\"wpcf7-form-control-wrap\" data-name=\"your-name\"><input size=\"40\" maxlength=\"400\" class=\"wpcf7-form-control wpcf7-text wpcf7-validates-as-required\" id=\"your-name\" aria-required=\"true\" aria-invalid=\"false\" placeholder=\"Nom*\" value=\"\" type=\"text\" name=\"your-name\" \/><\/span>\n\t<\/p>\n<\/div>\n<div class=\"flex_column av_one_half  flex_column_div av-zero-column-padding\">\n\t<p><span class=\"wpcf7-form-control-wrap\" data-name=\"your-firstname\"><input size=\"40\" maxlength=\"400\" class=\"wpcf7-form-control wpcf7-text wpcf7-validates-as-required\" id=\"your-firstname\" aria-required=\"true\" aria-invalid=\"false\" placeholder=\"Pr\u00e9nom*\" value=\"\" type=\"text\" name=\"your-firstname\" \/><\/span>\n\t<\/p>\n<\/div>\n<div class=\"flex_column av_one_half  flex_column_div av-zero-column-padding first\">\n\t<p><span class=\"wpcf7-form-control-wrap\" data-name=\"your-adresse\"><input size=\"40\" maxlength=\"400\" class=\"wpcf7-form-control wpcf7-text\" aria-invalid=\"false\" placeholder=\"Adresse\" value=\"\" type=\"text\" name=\"your-adresse\" \/><\/span>\n\t<\/p>\n<\/div>\n<div class=\"flex_column av_one_half  flex_column_div av-zero-column-padding\">\n\t<p><span class=\"wpcf7-form-control-wrap\" data-name=\"your-CP\"><input size=\"40\" maxlength=\"400\" class=\"wpcf7-form-control wpcf7-text wpcf7-validates-as-required\" aria-required=\"true\" aria-invalid=\"false\" placeholder=\"Code Postal*\" value=\"\" type=\"text\" name=\"your-CP\" \/><\/span>\n\t<\/p>\n<\/div>\n<div class=\"flex_column av_one_half  flex_column_div av-zero-column-padding first\">\n\t<p><span class=\"wpcf7-form-control-wrap\" data-name=\"your-ville\"><input size=\"40\" maxlength=\"400\" class=\"wpcf7-form-control wpcf7-text\" aria-invalid=\"false\" placeholder=\"Ville\" value=\"\" type=\"text\" name=\"your-ville\" \/><\/span>\n\t<\/p>\n<\/div>\n<div class=\"flex_column av_one_half  flex_column_div av-zero-column-padding\">\n\t<p><span class=\"wpcf7-form-control-wrap\" data-name=\"your-pays\"><input size=\"40\" maxlength=\"400\" class=\"wpcf7-form-control wpcf7-text\" aria-invalid=\"false\" placeholder=\"Pays\" value=\"\" type=\"text\" name=\"your-pays\" \/><\/span>\n\t<\/p>\n<\/div>\n<div class=\"flex_column av_one_half  flex_column_div av-zero-column-padding first\">\n\t<p><span class=\"wpcf7-form-control-wrap\" data-name=\"tel-644\"><input size=\"40\" maxlength=\"400\" class=\"wpcf7-form-control wpcf7-tel wpcf7-validates-as-required wpcf7-text wpcf7-validates-as-tel\" aria-required=\"true\" aria-invalid=\"false\" placeholder=\"T\u00e9l\u00e9phone*\" value=\"\" type=\"tel\" name=\"tel-644\" \/><\/span>\n\t<\/p>\n<\/div>\n<div class=\"flex_column av_one_half  flex_column_div av-zero-column-padding\">\n\t<p><span class=\"wpcf7-form-control-wrap\" data-name=\"your-email\"><input size=\"40\" maxlength=\"400\" class=\"wpcf7-form-control wpcf7-email wpcf7-validates-as-required wpcf7-text wpcf7-validates-as-email\" id=\"your-email\" aria-required=\"true\" aria-invalid=\"false\" placeholder=\"Email*\" value=\"\" type=\"email\" name=\"your-email\" \/><\/span>\n\t<\/p>\n<\/div>\n<p><span class=\"wpcf7-form-control-wrap\" data-name=\"your-message\"><textarea cols=\"40\" rows=\"10\" maxlength=\"2000\" class=\"wpcf7-form-control wpcf7-textarea\" aria-invalid=\"false\" placeholder=\"D\u00e9crivez votre projet*\" name=\"your-message\"><\/textarea><\/span>\n<\/p>\n<div class=\"flex_column av_one_half  flex_column_div av-zero-column-padding first\">\n<\/div>\n<div class=\"flex_column av_one_half  flex_column_div av-zero-column-padding first\">\n\t<p><span style=\"font-size: 13px; font-family:'regular' !important;\"><br \/>\n<\/span>\n\t<\/p>\n<\/div>\n<p><span class=\"wpcf7-form-control-wrap\" data-name=\"upload-file-721\"><input size=\"40\" class=\"wpcf7-form-control wpcf7-drag-n-drop-file d-none\" aria-invalid=\"false\" type=\"file\" multiple=\"multiple\" data-name=\"upload-file-721\" data-id=\"4\" data-version=\"free version 1.3.9.6\" accept=\".\" \/><\/span><br \/>\n<span class=\"wpcf7-form-control-wrap\" data-name=\"your-consent\"><span class=\"wpcf7-form-control wpcf7-acceptance\"><span class=\"wpcf7-list-item\"><label><input type=\"checkbox\" name=\"your-consent\" value=\"1\" aria-invalid=\"false\" \/><span class=\"wpcf7-list-item-label\">J'accepte les termes et les conditions de notre <a href=\"https:\/\/www.deleage.com\/politique-de-confidentialite\/\">Politique de confidentialit\u00e9<\/a> *<\/span><\/label><\/span><\/span><\/span><br \/>\n<span class=\"wpcf7-form-control-wrap\" data-name=\"checkbox-868\"><span class=\"wpcf7-form-control wpcf7-checkbox\"><span class=\"wpcf7-list-item first last\"><input type=\"checkbox\" name=\"checkbox-868[]\" value=\"J&#039;accepte de recevoir les derni\u00e8res actualit\u00e9s de Del\u00e9age (6 newsletter\/an)\" \/><span class=\"wpcf7-list-item-label\">J&#039;accepte de recevoir les derni\u00e8res actualit\u00e9s de Del\u00e9age (6 newsletter\/an)<\/span><\/span><\/span><\/span>\n<\/p>\n<div class=\"flex_column av_one_half  flex_column_div av-zero-column-padding\">\n\t<p><input class=\"wpcf7-form-control wpcf7-submit has-spinner\" type=\"submit\" value=\"Envoyer\" \/>\n\t<\/p>\n<\/div><div class=\"wpcf7-response-output\" aria-hidden=\"true\"><\/div>\n<\/form>\n<\/div>\n\n<\/div><\/section><\/div>\n\n<style type=\"text\/css\" data-created_by=\"avia_inline_auto\" id=\"style-css-av-yrak-1-017d863838be25146f37d6152ba8bb12\">\n.flex_column.av-yrak-1-017d863838be25146f37d6152ba8bb12{\nborder-radius:0px 0px 0px 0px;\npadding:0px 0px 0px 0px;\n}\n<\/style>\n<div  class='flex_column av-yrak-1-017d863838be25146f37d6152ba8bb12 av_one_fifth  avia-builder-el-5  el_after_av_three_fifth  el_before_av_section  avia-builder-el-last  flex_column_div av-zero-column-padding  '     ><\/div>\n<\/div><\/div><\/div><!-- close content main div --><\/div><\/div>\n<style type=\"text\/css\" data-created_by=\"avia_inline_auto\" id=\"style-css-av-jou855jx-4-37d1391de13e9756b767dba39380e792\">\n.avia-section.av-jou855jx-4-37d1391de13e9756b767dba39380e792{\nbackground-color:#000000;\nbackground-image:unset;\n}\n<\/style>\n<div id='av_section_2'  class='avia-section av-jou855jx-4-37d1391de13e9756b767dba39380e792 main_color avia-section-no-padding avia-no-border-styling  avia-builder-el-6  el_after_av_one_fifth  el_before_av_google_map  avia-bg-style-scroll av-minimum-height av-minimum-height-25 av-height-25  container_wrap fullsize'   data-av_minimum_height_pc='25' data-av_min_height_opt='25'><div class='container av-section-cont-open' ><div class='template-page content  av-content-full alpha units'><div class='post-entry post-entry-type-page post-entry-76'><div class='entry-content-wrapper clearfix'>\n\n<style type=\"text\/css\" data-created_by=\"avia_inline_auto\" id=\"style-css-av-jou85qvz-3-42caa45ce58fef7badb0c971f4344b6d\">\n#top .av_textblock_section.av-jou85qvz-3-42caa45ce58fef7badb0c971f4344b6d .avia_textblock{\ncolor:#ffffff;\n}\n<\/style>\n<section  class='av_textblock_section av-jou85qvz-3-42caa45ce58fef7badb0c971f4344b6d '   itemscope=\"itemscope\" itemtype=\"https:\/\/schema.org\/CreativeWork\" ><div class='avia_textblock av_inherit_color'  itemprop=\"text\" ><h2 style=\"text-align: center;\">Nous trouver<\/h2>\n<\/div><\/section>\n\n<div  class='av_gmaps_sc_main_wrap av_gmaps_main_wrap '><div id='av_gmap_0' class='avia-google-map-container avia-google-map-sc av_gmaps_show_unconditionally av-no-fallback-img ' data-mapid='av_gmap_0'  style='height: 400px;'><a class=\"av_gmaps_browser_disabled av_text_confirm_link av_text_confirm_link_visible\" href=\"https:\/\/www.google.com\/maps\/search\/?api=1&#038;query=5%20rue%20du%20groupe%20Manoukian%2078990%20Elancourt%20%20France\" target=\"_blank\">Les cartes ont \u00e9t\u00e9 d\u00e9sactiv\u00e9es par le visiteur sur ce site. Cliquer pour ouvrir la carte dans une nouvelle fen\u00eatre.<\/a><\/div><\/div>\n","protected":false},"excerpt":{"rendered":"","protected":false},"author":1,"featured_media":41063,"parent":0,"menu_order":12,"comment_status":"open","ping_status":"open","template":"","meta":{"_acf_changed":false,"footnotes":""},"class_list":["post-76","page","type-page","status-publish","has-post-thumbnail","hentry"],"acf":[],"yoast_head":"<!-- This site is optimized with the Yoast SEO plugin v27.3 - https:\/\/yoast.com\/product\/yoast-seo-wordpress\/ -->\n<title>Devis pour vos stands et d\u00e9co \u00e9v\u00e9nementiels - Store Del\u00e9age<\/title>\n<meta name=\"description\" content=\"Vous avez un projet et vous souhaitez \u00eatre accompagn\u00e9, veuillez remplir le formulaire. N\u2019h\u00e9sitez pas \u00e0 nous contacter \u00e9galement par t\u00e9l\u00e9phone\" \/>\n<meta name=\"robots\" content=\"index, follow, max-snippet:-1, max-image-preview:large, max-video-preview:-1\" \/>\n<link rel=\"canonical\" href=\"https:\/\/www.deleage.com\/store\/contact\/\" \/>\n<meta property=\"og:locale\" content=\"fr_FR\" \/>\n<meta property=\"og:type\" content=\"article\" \/>\n<meta property=\"og:title\" content=\"Devis pour vos stands et d\u00e9co \u00e9v\u00e9nementiels - Store Del\u00e9age\" \/>\n<meta property=\"og:description\" content=\"Vous avez un projet et vous souhaitez \u00eatre accompagn\u00e9, veuillez remplir le formulaire. N\u2019h\u00e9sitez pas \u00e0 nous contacter \u00e9galement par t\u00e9l\u00e9phone\" \/>\n<meta property=\"og:url\" content=\"https:\/\/www.deleage.com\/store\/contact\/\" \/>\n<meta property=\"og:site_name\" content=\"Store Del\u00e9age\" \/>\n<meta property=\"article:publisher\" content=\"http:\/\/facebook.com\/deleageexpansion\" \/>\n<meta property=\"article:modified_time\" content=\"2024-12-19T14:32:07+00:00\" \/>\n<meta property=\"og:image\" content=\"https:\/\/www.deleage.com\/store\/wp-content\/uploads\/2021\/02\/plus-beau-stand-13-1.jpg\" \/>\n\t<meta property=\"og:image:width\" content=\"1024\" \/>\n\t<meta property=\"og:image:height\" content=\"727\" \/>\n\t<meta property=\"og:image:type\" content=\"image\/jpeg\" \/>\n<meta name=\"twitter:card\" content=\"summary_large_image\" \/>\n<meta name=\"twitter:label1\" content=\"Dur\u00e9e de lecture estim\u00e9e\" \/>\n\t<meta name=\"twitter:data1\" content=\"1 minute\" \/>\n<script type=\"application\/ld+json\" class=\"yoast-schema-graph\">{\"@context\":\"https:\\\/\\\/schema.org\",\"@graph\":[{\"@type\":\"WebPage\",\"@id\":\"https:\\\/\\\/www.deleage.com\\\/store\\\/contact\\\/\",\"url\":\"https:\\\/\\\/www.deleage.com\\\/store\\\/contact\\\/\",\"name\":\"Devis pour vos stands et d\u00e9co \u00e9v\u00e9nementiels - Store Del\u00e9age\",\"isPartOf\":{\"@id\":\"https:\\\/\\\/www.deleage.com\\\/store\\\/#website\"},\"primaryImageOfPage\":{\"@id\":\"https:\\\/\\\/www.deleage.com\\\/store\\\/contact\\\/#primaryimage\"},\"image\":{\"@id\":\"https:\\\/\\\/www.deleage.com\\\/store\\\/contact\\\/#primaryimage\"},\"thumbnailUrl\":\"https:\\\/\\\/www.deleage.com\\\/store\\\/wp-content\\\/uploads\\\/2021\\\/02\\\/plus-beau-stand-13-1.jpg\",\"datePublished\":\"2015-03-03T02:10:42+00:00\",\"dateModified\":\"2024-12-19T14:32:07+00:00\",\"description\":\"Vous avez un projet et vous souhaitez \u00eatre accompagn\u00e9, veuillez remplir le formulaire. N\u2019h\u00e9sitez pas \u00e0 nous contacter \u00e9galement par t\u00e9l\u00e9phone\",\"breadcrumb\":{\"@id\":\"https:\\\/\\\/www.deleage.com\\\/store\\\/contact\\\/#breadcrumb\"},\"inLanguage\":\"fr-FR\",\"potentialAction\":[{\"@type\":\"ReadAction\",\"target\":[\"https:\\\/\\\/www.deleage.com\\\/store\\\/contact\\\/\"]}]},{\"@type\":\"ImageObject\",\"inLanguage\":\"fr-FR\",\"@id\":\"https:\\\/\\\/www.deleage.com\\\/store\\\/contact\\\/#primaryimage\",\"url\":\"https:\\\/\\\/www.deleage.com\\\/store\\\/wp-content\\\/uploads\\\/2021\\\/02\\\/plus-beau-stand-13-1.jpg\",\"contentUrl\":\"https:\\\/\\\/www.deleage.com\\\/store\\\/wp-content\\\/uploads\\\/2021\\\/02\\\/plus-beau-stand-13-1.jpg\",\"width\":1024,\"height\":727},{\"@type\":\"BreadcrumbList\",\"@id\":\"https:\\\/\\\/www.deleage.com\\\/store\\\/contact\\\/#breadcrumb\",\"itemListElement\":[{\"@type\":\"ListItem\",\"position\":1,\"name\":\"Accueil\",\"item\":\"https:\\\/\\\/www.deleage.com\\\/store\\\/boutique-2\\\/\"},{\"@type\":\"ListItem\",\"position\":2,\"name\":\"Contact\"}]},{\"@type\":\"WebSite\",\"@id\":\"https:\\\/\\\/www.deleage.com\\\/store\\\/#website\",\"url\":\"https:\\\/\\\/www.deleage.com\\\/store\\\/\",\"name\":\"Store Del\u00e9age\",\"description\":\"Deleage Store | Signal\u00e9tique, Stands et Impression Grand Format B2B\",\"publisher\":{\"@id\":\"https:\\\/\\\/www.deleage.com\\\/store\\\/#organization\"},\"potentialAction\":[{\"@type\":\"SearchAction\",\"target\":{\"@type\":\"EntryPoint\",\"urlTemplate\":\"https:\\\/\\\/www.deleage.com\\\/store\\\/?s={search_term_string}\"},\"query-input\":{\"@type\":\"PropertyValueSpecification\",\"valueRequired\":true,\"valueName\":\"search_term_string\"}}],\"inLanguage\":\"fr-FR\"},{\"@type\":\"Organization\",\"@id\":\"https:\\\/\\\/www.deleage.com\\\/store\\\/#organization\",\"name\":\"Del\u00e9age Expansion\",\"url\":\"https:\\\/\\\/www.deleage.com\\\/store\\\/\",\"logo\":{\"@type\":\"ImageObject\",\"inLanguage\":\"fr-FR\",\"@id\":\"https:\\\/\\\/www.deleage.com\\\/store\\\/#\\\/schema\\\/logo\\\/image\\\/\",\"url\":\"https:\\\/\\\/www.deleage.com\\\/store\\\/wp-content\\\/uploads\\\/2018\\\/04\\\/logo-violet.png\",\"contentUrl\":\"https:\\\/\\\/www.deleage.com\\\/store\\\/wp-content\\\/uploads\\\/2018\\\/04\\\/logo-violet.png\",\"width\":316,\"height\":275,\"caption\":\"Del\u00e9age Expansion\"},\"image\":{\"@id\":\"https:\\\/\\\/www.deleage.com\\\/store\\\/#\\\/schema\\\/logo\\\/image\\\/\"},\"sameAs\":[\"http:\\\/\\\/facebook.com\\\/deleageexpansion\"]}]}<\/script>\n<!-- \/ Yoast SEO plugin. -->","yoast_head_json":{"title":"Devis pour vos stands et d\u00e9co \u00e9v\u00e9nementiels - Store Del\u00e9age","description":"Vous avez un projet et vous souhaitez \u00eatre accompagn\u00e9, veuillez remplir le formulaire. N\u2019h\u00e9sitez pas \u00e0 nous contacter \u00e9galement par t\u00e9l\u00e9phone","robots":{"index":"index","follow":"follow","max-snippet":"max-snippet:-1","max-image-preview":"max-image-preview:large","max-video-preview":"max-video-preview:-1"},"canonical":"https:\/\/www.deleage.com\/store\/contact\/","og_locale":"fr_FR","og_type":"article","og_title":"Devis pour vos stands et d\u00e9co \u00e9v\u00e9nementiels - Store Del\u00e9age","og_description":"Vous avez un projet et vous souhaitez \u00eatre accompagn\u00e9, veuillez remplir le formulaire. N\u2019h\u00e9sitez pas \u00e0 nous contacter \u00e9galement par t\u00e9l\u00e9phone","og_url":"https:\/\/www.deleage.com\/store\/contact\/","og_site_name":"Store Del\u00e9age","article_publisher":"http:\/\/facebook.com\/deleageexpansion","article_modified_time":"2024-12-19T14:32:07+00:00","og_image":[{"width":1024,"height":727,"url":"https:\/\/www.deleage.com\/store\/wp-content\/uploads\/2021\/02\/plus-beau-stand-13-1.jpg","type":"image\/jpeg"}],"twitter_card":"summary_large_image","twitter_misc":{"Dur\u00e9e de lecture estim\u00e9e":"1 minute"},"schema":{"@context":"https:\/\/schema.org","@graph":[{"@type":"WebPage","@id":"https:\/\/www.deleage.com\/store\/contact\/","url":"https:\/\/www.deleage.com\/store\/contact\/","name":"Devis pour vos stands et d\u00e9co \u00e9v\u00e9nementiels - Store Del\u00e9age","isPartOf":{"@id":"https:\/\/www.deleage.com\/store\/#website"},"primaryImageOfPage":{"@id":"https:\/\/www.deleage.com\/store\/contact\/#primaryimage"},"image":{"@id":"https:\/\/www.deleage.com\/store\/contact\/#primaryimage"},"thumbnailUrl":"https:\/\/www.deleage.com\/store\/wp-content\/uploads\/2021\/02\/plus-beau-stand-13-1.jpg","datePublished":"2015-03-03T02:10:42+00:00","dateModified":"2024-12-19T14:32:07+00:00","description":"Vous avez un projet et vous souhaitez \u00eatre accompagn\u00e9, veuillez remplir le formulaire. N\u2019h\u00e9sitez pas \u00e0 nous contacter \u00e9galement par t\u00e9l\u00e9phone","breadcrumb":{"@id":"https:\/\/www.deleage.com\/store\/contact\/#breadcrumb"},"inLanguage":"fr-FR","potentialAction":[{"@type":"ReadAction","target":["https:\/\/www.deleage.com\/store\/contact\/"]}]},{"@type":"ImageObject","inLanguage":"fr-FR","@id":"https:\/\/www.deleage.com\/store\/contact\/#primaryimage","url":"https:\/\/www.deleage.com\/store\/wp-content\/uploads\/2021\/02\/plus-beau-stand-13-1.jpg","contentUrl":"https:\/\/www.deleage.com\/store\/wp-content\/uploads\/2021\/02\/plus-beau-stand-13-1.jpg","width":1024,"height":727},{"@type":"BreadcrumbList","@id":"https:\/\/www.deleage.com\/store\/contact\/#breadcrumb","itemListElement":[{"@type":"ListItem","position":1,"name":"Accueil","item":"https:\/\/www.deleage.com\/store\/boutique-2\/"},{"@type":"ListItem","position":2,"name":"Contact"}]},{"@type":"WebSite","@id":"https:\/\/www.deleage.com\/store\/#website","url":"https:\/\/www.deleage.com\/store\/","name":"Store Del\u00e9age","description":"Deleage Store | Signal\u00e9tique, Stands et Impression Grand Format B2B","publisher":{"@id":"https:\/\/www.deleage.com\/store\/#organization"},"potentialAction":[{"@type":"SearchAction","target":{"@type":"EntryPoint","urlTemplate":"https:\/\/www.deleage.com\/store\/?s={search_term_string}"},"query-input":{"@type":"PropertyValueSpecification","valueRequired":true,"valueName":"search_term_string"}}],"inLanguage":"fr-FR"},{"@type":"Organization","@id":"https:\/\/www.deleage.com\/store\/#organization","name":"Del\u00e9age Expansion","url":"https:\/\/www.deleage.com\/store\/","logo":{"@type":"ImageObject","inLanguage":"fr-FR","@id":"https:\/\/www.deleage.com\/store\/#\/schema\/logo\/image\/","url":"https:\/\/www.deleage.com\/store\/wp-content\/uploads\/2018\/04\/logo-violet.png","contentUrl":"https:\/\/www.deleage.com\/store\/wp-content\/uploads\/2018\/04\/logo-violet.png","width":316,"height":275,"caption":"Del\u00e9age Expansion"},"image":{"@id":"https:\/\/www.deleage.com\/store\/#\/schema\/logo\/image\/"},"sameAs":["http:\/\/facebook.com\/deleageexpansion"]}]}},"_links":{"self":[{"href":"https:\/\/www.deleage.com\/store\/wp-json\/wp\/v2\/pages\/76","targetHints":{"allow":["GET"]}}],"collection":[{"href":"https:\/\/www.deleage.com\/store\/wp-json\/wp\/v2\/pages"}],"about":[{"href":"https:\/\/www.deleage.com\/store\/wp-json\/wp\/v2\/types\/page"}],"author":[{"embeddable":true,"href":"https:\/\/www.deleage.com\/store\/wp-json\/wp\/v2\/users\/1"}],"replies":[{"embeddable":true,"href":"https:\/\/www.deleage.com\/store\/wp-json\/wp\/v2\/comments?post=76"}],"version-history":[{"count":3,"href":"https:\/\/www.deleage.com\/store\/wp-json\/wp\/v2\/pages\/76\/revisions"}],"predecessor-version":[{"id":50845,"href":"https:\/\/www.deleage.com\/store\/wp-json\/wp\/v2\/pages\/76\/revisions\/50845"}],"wp:featuredmedia":[{"embeddable":true,"href":"https:\/\/www.deleage.com\/store\/wp-json\/wp\/v2\/media\/41063"}],"wp:attachment":[{"href":"https:\/\/www.deleage.com\/store\/wp-json\/wp\/v2\/media?parent=76"}],"curies":[{"name":"wp","href":"https:\/\/api.w.org\/{rel}","templated":true}]}}