{"id":512,"date":"2015-03-02T17:09:45","date_gmt":"2015-03-02T17:09:45","guid":{"rendered":"http:\/\/wp\/enfold-shop\/cart\/"},"modified":"2026-04-18T13:18:57","modified_gmt":"2026-04-18T13:18:57","slug":"cart","status":"publish","type":"page","link":"https:\/\/www.deleage.com\/store\/cart\/","title":{"rendered":"Cart"},"content":{"rendered":"<h1>Mon Panier<\/h1>\n\n","protected":false},"excerpt":{"rendered":"<p>Mon Panier<\/p>\n","protected":false},"author":1,"featured_media":0,"parent":0,"menu_order":14,"comment_status":"closed","ping_status":"open","template":"","meta":{"_acf_changed":false,"footnotes":""},"class_list":["post-512","page","type-page","status-publish","hentry"],"acf":[],"yoast_head":"<!-- This site is optimized with the Yoast SEO plugin v27.5 - https:\/\/yoast.com\/product\/yoast-seo-wordpress\/ -->\n<title>Cart - Store Del\u00e9age<\/title>\n<meta name=\"description\" content=\"Stands sur mesure, des d\u00e9cors \u00e9v\u00e9nementiels, de la signal\u00e9tique et des solutions d&#039;impression \u00e9cologiques avec location et support complet en France.\" \/>\n<meta name=\"robots\" content=\"index, follow, max-snippet:-1, max-image-preview:large, max-video-preview:-1\" \/>\n<link rel=\"canonical\" href=\"https:\/\/www.deleage.com\/store\/cart\/\" \/>\n<meta property=\"og:locale\" content=\"fr_FR\" \/>\n<meta property=\"og:type\" content=\"article\" \/>\n<meta property=\"og:title\" content=\"Cart - Store Del\u00e9age\" \/>\n<meta property=\"og:description\" content=\"Stands sur mesure, des d\u00e9cors \u00e9v\u00e9nementiels, de la signal\u00e9tique et des solutions d&#039;impression \u00e9cologiques avec location et support complet en France.\" \/>\n<meta property=\"og:url\" content=\"https:\/\/www.deleage.com\/store\/cart\/\" \/>\n<meta property=\"og:site_name\" content=\"Store Del\u00e9age\" \/>\n<meta property=\"article:publisher\" content=\"http:\/\/facebook.com\/deleageexpansion\" \/>\n<meta property=\"article:modified_time\" content=\"2026-04-18T13:18:57+00:00\" \/>\n<meta name=\"twitter:card\" content=\"summary_large_image\" \/>\n<meta name=\"twitter:label1\" content=\"Dur\u00e9e de lecture estim\u00e9e\" \/>\n\t<meta name=\"twitter:data1\" content=\"3 minutes\" \/>\n<script type=\"application\/ld+json\" class=\"yoast-schema-graph\">{\"@context\":\"https:\\\/\\\/schema.org\",\"@graph\":[{\"@type\":\"WebPage\",\"@id\":\"https:\\\/\\\/www.deleage.com\\\/store\\\/cart\\\/\",\"url\":\"https:\\\/\\\/www.deleage.com\\\/store\\\/cart\\\/\",\"name\":\"Cart - Store Del\u00e9age\",\"isPartOf\":{\"@id\":\"https:\\\/\\\/www.deleage.com\\\/store\\\/#website\"},\"datePublished\":\"2015-03-02T17:09:45+00:00\",\"dateModified\":\"2026-04-18T13:18:57+00:00\",\"description\":\"Stands sur mesure, des d\u00e9cors \u00e9v\u00e9nementiels, de la signal\u00e9tique et des solutions d'impression \u00e9cologiques avec location et support complet en France.\",\"breadcrumb\":{\"@id\":\"https:\\\/\\\/www.deleage.com\\\/store\\\/cart\\\/#breadcrumb\"},\"inLanguage\":\"fr-FR\",\"potentialAction\":[{\"@type\":\"ReadAction\",\"target\":[\"https:\\\/\\\/www.deleage.com\\\/store\\\/cart\\\/\"]}]},{\"@type\":\"WebSite\",\"@id\":\"https:\\\/\\\/www.deleage.com\\\/store\\\/#website\",\"url\":\"https:\\\/\\\/www.deleage.com\\\/store\\\/\",\"name\":\"Store Del\u00e9age\",\"description\":\"Deleage Store | Signal\u00e9tique, Stands et Impression Grand Format B2B\",\"publisher\":{\"@id\":\"https:\\\/\\\/www.deleage.com\\\/store\\\/#organization\"},\"potentialAction\":[{\"@type\":\"SearchAction\",\"target\":{\"@type\":\"EntryPoint\",\"urlTemplate\":\"https:\\\/\\\/www.deleage.com\\\/store\\\/?s={search_term_string}\"},\"query-input\":{\"@type\":\"PropertyValueSpecification\",\"valueRequired\":true,\"valueName\":\"search_term_string\"}}],\"inLanguage\":\"fr-FR\"},{\"@type\":\"Organization\",\"@id\":\"https:\\\/\\\/www.deleage.com\\\/store\\\/#organization\",\"name\":\"Del\u00e9age Expansion\",\"url\":\"https:\\\/\\\/www.deleage.com\\\/store\\\/\",\"logo\":{\"@type\":\"ImageObject\",\"inLanguage\":\"fr-FR\",\"@id\":\"https:\\\/\\\/www.deleage.com\\\/store\\\/#\\\/schema\\\/logo\\\/image\\\/\",\"url\":\"https:\\\/\\\/www.deleage.com\\\/store\\\/wp-content\\\/uploads\\\/2018\\\/04\\\/logo-violet.png\",\"contentUrl\":\"https:\\\/\\\/www.deleage.com\\\/store\\\/wp-content\\\/uploads\\\/2018\\\/04\\\/logo-violet.png\",\"width\":316,\"height\":275,\"caption\":\"Del\u00e9age Expansion\"},\"image\":{\"@id\":\"https:\\\/\\\/www.deleage.com\\\/store\\\/#\\\/schema\\\/logo\\\/image\\\/\"},\"sameAs\":[\"http:\\\/\\\/facebook.com\\\/deleageexpansion\"]}]}<\/script>\n<!-- \/ Yoast SEO plugin. -->","yoast_head_json":{"title":"Cart - Store Del\u00e9age","description":"Stands sur mesure, des d\u00e9cors \u00e9v\u00e9nementiels, de la signal\u00e9tique et des solutions d'impression \u00e9cologiques avec location et support complet en France.","robots":{"index":"index","follow":"follow","max-snippet":"max-snippet:-1","max-image-preview":"max-image-preview:large","max-video-preview":"max-video-preview:-1"},"canonical":"https:\/\/www.deleage.com\/store\/cart\/","og_locale":"fr_FR","og_type":"article","og_title":"Cart - Store Del\u00e9age","og_description":"Stands sur mesure, des d\u00e9cors \u00e9v\u00e9nementiels, de la signal\u00e9tique et des solutions d'impression \u00e9cologiques avec location et support complet en France.","og_url":"https:\/\/www.deleage.com\/store\/cart\/","og_site_name":"Store Del\u00e9age","article_publisher":"http:\/\/facebook.com\/deleageexpansion","article_modified_time":"2026-04-18T13:18:57+00:00","twitter_card":"summary_large_image","twitter_misc":{"Dur\u00e9e de lecture estim\u00e9e":"3 minutes"},"schema":{"@context":"https:\/\/schema.org","@graph":[{"@type":"WebPage","@id":"https:\/\/www.deleage.com\/store\/cart\/","url":"https:\/\/www.deleage.com\/store\/cart\/","name":"Cart - Store Del\u00e9age","isPartOf":{"@id":"https:\/\/www.deleage.com\/store\/#website"},"datePublished":"2015-03-02T17:09:45+00:00","dateModified":"2026-04-18T13:18:57+00:00","description":"Stands sur mesure, des d\u00e9cors \u00e9v\u00e9nementiels, de la signal\u00e9tique et des solutions d'impression \u00e9cologiques avec location et support complet en France.","breadcrumb":{"@id":"https:\/\/www.deleage.com\/store\/cart\/#breadcrumb"},"inLanguage":"fr-FR","potentialAction":[{"@type":"ReadAction","target":["https:\/\/www.deleage.com\/store\/cart\/"]}]},{"@type":"WebSite","@id":"https:\/\/www.deleage.com\/store\/#website","url":"https:\/\/www.deleage.com\/store\/","name":"Store Del\u00e9age","description":"Deleage Store | Signal\u00e9tique, Stands et Impression Grand Format B2B","publisher":{"@id":"https:\/\/www.deleage.com\/store\/#organization"},"potentialAction":[{"@type":"SearchAction","target":{"@type":"EntryPoint","urlTemplate":"https:\/\/www.deleage.com\/store\/?s={search_term_string}"},"query-input":{"@type":"PropertyValueSpecification","valueRequired":true,"valueName":"search_term_string"}}],"inLanguage":"fr-FR"},{"@type":"Organization","@id":"https:\/\/www.deleage.com\/store\/#organization","name":"Del\u00e9age Expansion","url":"https:\/\/www.deleage.com\/store\/","logo":{"@type":"ImageObject","inLanguage":"fr-FR","@id":"https:\/\/www.deleage.com\/store\/#\/schema\/logo\/image\/","url":"https:\/\/www.deleage.com\/store\/wp-content\/uploads\/2018\/04\/logo-violet.png","contentUrl":"https:\/\/www.deleage.com\/store\/wp-content\/uploads\/2018\/04\/logo-violet.png","width":316,"height":275,"caption":"Del\u00e9age Expansion"},"image":{"@id":"https:\/\/www.deleage.com\/store\/#\/schema\/logo\/image\/"},"sameAs":["http:\/\/facebook.com\/deleageexpansion"]}]}},"_links":{"self":[{"href":"https:\/\/www.deleage.com\/store\/wp-json\/wp\/v2\/pages\/512","targetHints":{"allow":["GET"]}}],"collection":[{"href":"https:\/\/www.deleage.com\/store\/wp-json\/wp\/v2\/pages"}],"about":[{"href":"https:\/\/www.deleage.com\/store\/wp-json\/wp\/v2\/types\/page"}],"author":[{"embeddable":true,"href":"https:\/\/www.deleage.com\/store\/wp-json\/wp\/v2\/users\/1"}],"replies":[{"embeddable":true,"href":"https:\/\/www.deleage.com\/store\/wp-json\/wp\/v2\/comments?post=512"}],"version-history":[{"count":3,"href":"https:\/\/www.deleage.com\/store\/wp-json\/wp\/v2\/pages\/512\/revisions"}],"predecessor-version":[{"id":51564,"href":"https:\/\/www.deleage.com\/store\/wp-json\/wp\/v2\/pages\/512\/revisions\/51564"}],"wp:attachment":[{"href":"https:\/\/www.deleage.com\/store\/wp-json\/wp\/v2\/media?parent=512"}],"curies":[{"name":"wp","href":"https:\/\/api.w.org\/{rel}","templated":true}]}}